{"id":1005,"date":"2023-06-21T15:50:02","date_gmt":"2023-06-21T15:50:02","guid":{"rendered":"https:\/\/astraltulum.mx\/?page_id=1005"},"modified":"2023-06-21T16:00:43","modified_gmt":"2023-06-21T16:00:43","slug":"beach-club","status":"publish","type":"page","link":"https:\/\/astraltulum.mx\/en\/beach-club\/","title":{"rendered":"Beach Club"},"content":{"rendered":"\t\t<div data-elementor-type=\"wp-page\" data-elementor-id=\"1005\" class=\"elementor elementor-1005\" data-elementor-settings=\"{&quot;ha_cmc_init_switcher&quot;:&quot;no&quot;}\" data-elementor-post-type=\"page\">\n\t\t\t\t\t\t<section class=\"elementor-section elementor-top-section elementor-element elementor-element-2a49f5b elementor-section-stretched elementor-section-full_width elementor-section-height-default elementor-section-height-default\" data-id=\"2a49f5b\" data-element_type=\"section\" data-e-type=\"section\" data-settings=\"{&quot;stretch_section&quot;:&quot;section-stretched&quot;,&quot;background_background&quot;:&quot;classic&quot;,&quot;_ha_eqh_enable&quot;:false}\">\n\t\t\t\t\t\t<div class=\"elementor-container elementor-column-gap-default\">\n\t\t\t\t\t<div class=\"elementor-column elementor-col-100 elementor-top-column elementor-element elementor-element-b9ff61e elementor-invisible\" data-id=\"b9ff61e\" data-element_type=\"column\" data-e-type=\"column\" data-settings=\"{&quot;animation&quot;:&quot;fadeIn&quot;}\">\n\t\t\t<div class=\"elementor-widget-wrap elementor-element-populated\">\n\t\t\t\t\t\t<div class=\"elementor-element elementor-element-1f806e9 elementor-widget elementor-widget-heading\" data-id=\"1f806e9\" data-element_type=\"widget\" data-e-type=\"widget\" data-widget_type=\"heading.default\">\n\t\t\t\t\t<h1 class=\"elementor-heading-title elementor-size-default\">Beach club<\/h1>\t\t\t\t<\/div>\n\t\t\t\t\t<\/div>\n\t\t<\/div>\n\t\t\t\t\t<\/div>\n\t\t<\/section>\n\t\t\t\t<section class=\"elementor-section elementor-top-section elementor-element elementor-element-bc4b298 elementor-section-stretched elementor-section-full_width elementor-reverse-mobile elementor-section-height-default elementor-section-height-default\" data-id=\"bc4b298\" data-element_type=\"section\" data-e-type=\"section\" data-settings=\"{&quot;stretch_section&quot;:&quot;section-stretched&quot;,&quot;background_background&quot;:&quot;classic&quot;,&quot;_ha_eqh_enable&quot;:false}\">\n\t\t\t\t\t\t<div class=\"elementor-container elementor-column-gap-default\">\n\t\t\t\t\t<div class=\"elementor-column elementor-col-50 elementor-top-column elementor-element elementor-element-0626923 elementor-hidden-tablet elementor-hidden-mobile elementor-invisible\" data-id=\"0626923\" data-element_type=\"column\" data-e-type=\"column\" data-settings=\"{&quot;animation&quot;:&quot;fadeInUp&quot;,&quot;background_background&quot;:&quot;slideshow&quot;,&quot;background_slideshow_gallery&quot;:[{&quot;id&quot;:1008,&quot;url&quot;:&quot;https:\\\/\\\/astraltulum.mx\\\/wp-content\\\/uploads\\\/2023\\\/06\\\/beach-club-tulum-01.jpg&quot;}],&quot;background_slideshow_slide_duration&quot;:3000,&quot;background_slideshow_loop&quot;:&quot;yes&quot;,&quot;background_slideshow_slide_transition&quot;:&quot;fade&quot;,&quot;background_slideshow_transition_duration&quot;:500}\">\n\t\t\t<div class=\"elementor-widget-wrap elementor-element-populated\">\n\t\t\t\t\t\t<div class=\"elementor-element elementor-element-774776c elementor-widget elementor-widget-spacer\" data-id=\"774776c\" data-element_type=\"widget\" data-e-type=\"widget\" data-widget_type=\"spacer.default\">\n\t\t\t\t\t\t\t<div class=\"elementor-spacer\">\n\t\t\t<div class=\"elementor-spacer-inner\"><\/div>\n\t\t<\/div>\n\t\t\t\t\t\t<\/div>\n\t\t\t\t\t<\/div>\n\t\t<\/div>\n\t\t\t\t<div class=\"elementor-column elementor-col-50 elementor-top-column elementor-element elementor-element-4ea71f2 elementor-invisible\" data-id=\"4ea71f2\" data-element_type=\"column\" data-e-type=\"column\" data-settings=\"{&quot;animation&quot;:&quot;fadeInUp&quot;}\">\n\t\t\t<div class=\"elementor-widget-wrap elementor-element-populated\">\n\t\t\t\t\t\t<div class=\"elementor-element elementor-element-d7656c9 elementor-widget__width-initial elementor-widget-mobile__width-initial elementor-widget elementor-widget-text-editor\" data-id=\"d7656c9\" data-element_type=\"widget\" data-e-type=\"widget\" data-widget_type=\"text-editor.default\">\n\t\t\t\t\t\t\t\t\t<p><strong>Nuestro beach club es el lugar perfecto para tu descanso en una de las playas m\u00e1s bonita del mundo.\u00a0<\/strong><\/p><p><strong>Encontrar\u00e1s c\u00f3modos pufs y camas matrimoniales con cojines, acompa\u00f1ados de mesas y sombrillas.<\/strong><\/p><p><strong>Disfrutar del sol y el mar turquesa de Tulum jugando con nuestra red de volleyball o leyendo un libro con un cocktail del men\u00fa\u00a0 ASTRALogy ser\u00e1 algo ancestral.<\/strong><\/p><p><strong>Unas vacaciones unicas te esperan en Astral,te esperamos .<\/strong><\/p>\t\t\t\t\t\t\t\t<\/div>\n\t\t\t\t\t<\/div>\n\t\t<\/div>\n\t\t\t\t\t<\/div>\n\t\t<\/section>\n\t\t\t\t<section class=\"elementor-section elementor-top-section elementor-element elementor-element-cc59d32 elementor-section-stretched elementor-section-full_width elementor-section-height-default elementor-section-height-default elementor-invisible\" data-id=\"cc59d32\" data-element_type=\"section\" data-e-type=\"section\" data-settings=\"{&quot;stretch_section&quot;:&quot;section-stretched&quot;,&quot;background_background&quot;:&quot;classic&quot;,&quot;animation&quot;:&quot;fadeInUp&quot;,&quot;_ha_eqh_enable&quot;:false}\">\n\t\t\t\t\t\t<div class=\"elementor-container elementor-column-gap-default\">\n\t\t\t\t\t<div class=\"elementor-column elementor-col-33 elementor-top-column elementor-element elementor-element-7c45498\" data-id=\"7c45498\" data-element_type=\"column\" data-e-type=\"column\" data-settings=\"{&quot;background_background&quot;:&quot;slideshow&quot;,&quot;background_slideshow_slide_duration&quot;:3000,&quot;background_slideshow_gallery&quot;:[],&quot;background_slideshow_loop&quot;:&quot;yes&quot;,&quot;background_slideshow_slide_transition&quot;:&quot;fade&quot;,&quot;background_slideshow_transition_duration&quot;:500}\">\n\t\t\t<div class=\"elementor-widget-wrap elementor-element-populated\">\n\t\t\t\t\t\t<div class=\"elementor-element elementor-element-0469a1e elementor-widget elementor-widget-image\" data-id=\"0469a1e\" data-element_type=\"widget\" data-e-type=\"widget\" data-widget_type=\"image.default\">\n\t\t\t\t\t\t\t\t\t\t\t\t\t\t\t<img fetchpriority=\"high\" decoding=\"async\" width=\"800\" height=\"1199\" src=\"https:\/\/astraltulum.mx\/wp-content\/uploads\/2023\/06\/beach-club-tulum-02.jpg\" class=\"attachment-full size-full wp-image-1009\" alt=\"Astral Beach Club\" srcset=\"https:\/\/astraltulum.mx\/wp-content\/uploads\/2023\/06\/beach-club-tulum-02.jpg 800w, https:\/\/astraltulum.mx\/wp-content\/uploads\/2023\/06\/beach-club-tulum-02-200x300.jpg 200w, https:\/\/astraltulum.mx\/wp-content\/uploads\/2023\/06\/beach-club-tulum-02-683x1024.jpg 683w, https:\/\/astraltulum.mx\/wp-content\/uploads\/2023\/06\/beach-club-tulum-02-768x1151.jpg 768w, https:\/\/astraltulum.mx\/wp-content\/uploads\/2023\/06\/beach-club-tulum-02-8x12.jpg 8w\" sizes=\"(max-width: 800px) 100vw, 800px\" \/>\t\t\t\t\t\t\t\t\t\t\t\t\t\t\t<\/div>\n\t\t\t\t\t<\/div>\n\t\t<\/div>\n\t\t\t\t<div class=\"elementor-column elementor-col-33 elementor-top-column elementor-element elementor-element-4afb375\" data-id=\"4afb375\" data-element_type=\"column\" data-e-type=\"column\">\n\t\t\t<div class=\"elementor-widget-wrap elementor-element-populated\">\n\t\t\t\t\t\t<div class=\"elementor-element elementor-element-24c2859 elementor-widget elementor-widget-image\" data-id=\"24c2859\" data-element_type=\"widget\" data-e-type=\"widget\" data-widget_type=\"image.default\">\n\t\t\t\t\t\t\t\t\t\t\t\t\t\t\t<img decoding=\"async\" width=\"800\" height=\"1199\" src=\"https:\/\/astraltulum.mx\/wp-content\/uploads\/2023\/06\/beach-club-tulum-03.jpg\" class=\"attachment-full size-full wp-image-1010\" alt=\"Astral Beach Club\" srcset=\"https:\/\/astraltulum.mx\/wp-content\/uploads\/2023\/06\/beach-club-tulum-03.jpg 800w, https:\/\/astraltulum.mx\/wp-content\/uploads\/2023\/06\/beach-club-tulum-03-200x300.jpg 200w, https:\/\/astraltulum.mx\/wp-content\/uploads\/2023\/06\/beach-club-tulum-03-683x1024.jpg 683w, https:\/\/astraltulum.mx\/wp-content\/uploads\/2023\/06\/beach-club-tulum-03-768x1151.jpg 768w, https:\/\/astraltulum.mx\/wp-content\/uploads\/2023\/06\/beach-club-tulum-03-8x12.jpg 8w\" sizes=\"(max-width: 800px) 100vw, 800px\" \/>\t\t\t\t\t\t\t\t\t\t\t\t\t\t\t<\/div>\n\t\t\t\t\t<\/div>\n\t\t<\/div>\n\t\t\t\t<div class=\"elementor-column elementor-col-33 elementor-top-column elementor-element elementor-element-8d98c6f\" data-id=\"8d98c6f\" data-element_type=\"column\" data-e-type=\"column\">\n\t\t\t<div class=\"elementor-widget-wrap elementor-element-populated\">\n\t\t\t\t\t\t<div class=\"elementor-element elementor-element-27219f4 elementor-widget elementor-widget-image\" data-id=\"27219f4\" data-element_type=\"widget\" data-e-type=\"widget\" data-widget_type=\"image.default\">\n\t\t\t\t\t\t\t\t\t\t\t\t\t\t\t<img decoding=\"async\" width=\"800\" height=\"1199\" src=\"https:\/\/astraltulum.mx\/wp-content\/uploads\/2023\/06\/beach-club-tulum-04.jpg\" class=\"attachment-full size-full wp-image-1011\" alt=\"Astral Beach Club\" srcset=\"https:\/\/astraltulum.mx\/wp-content\/uploads\/2023\/06\/beach-club-tulum-04.jpg 800w, https:\/\/astraltulum.mx\/wp-content\/uploads\/2023\/06\/beach-club-tulum-04-200x300.jpg 200w, https:\/\/astraltulum.mx\/wp-content\/uploads\/2023\/06\/beach-club-tulum-04-683x1024.jpg 683w, https:\/\/astraltulum.mx\/wp-content\/uploads\/2023\/06\/beach-club-tulum-04-768x1151.jpg 768w, https:\/\/astraltulum.mx\/wp-content\/uploads\/2023\/06\/beach-club-tulum-04-8x12.jpg 8w\" sizes=\"(max-width: 800px) 100vw, 800px\" \/>\t\t\t\t\t\t\t\t\t\t\t\t\t\t\t<\/div>\n\t\t\t\t\t<\/div>\n\t\t<\/div>\n\t\t\t\t\t<\/div>\n\t\t<\/section>\n\t\t\t\t<\/div>\n\t\t","protected":false},"excerpt":{"rendered":"<p>Beach club Nuestro beach club es el lugar perfecto para tu descanso en una de las playas m\u00e1s bonita del mundo.\u00a0 Encontrar\u00e1s c\u00f3modos pufs y camas matrimoniales con cojines, acompa\u00f1ados de mesas y sombrillas. Disfrutar del sol y el mar turquesa de Tulum jugando con nuestra red de volleyball o leyendo un libro con un [&hellip;]<\/p>\n","protected":false},"author":2,"featured_media":1009,"parent":0,"menu_order":0,"comment_status":"closed","ping_status":"closed","template":"elementor_header_footer","meta":{"_joinchat":[],"footnotes":""},"class_list":["post-1005","page","type-page","status-publish","has-post-thumbnail","hentry"],"yoast_head":"<!-- This site is optimized with the Yoast SEO plugin v26.9 - https:\/\/yoast.com\/product\/yoast-seo-wordpress\/ -->\n<title>Beach Club - Astral Tulum<\/title>\n<meta name=\"description\" content=\"Astral cuenta con un restaurante frente al mar. Ofrecemos servicio personalizado en el club de playa y en las habitaciones.\" \/>\n<meta name=\"robots\" content=\"index, follow, max-snippet:-1, max-image-preview:large, max-video-preview:-1\" \/>\n<link rel=\"canonical\" href=\"https:\/\/astraltulum.mx\/en\/beach-club\/\" \/>\n<meta property=\"og:locale\" content=\"en_US\" \/>\n<meta property=\"og:type\" content=\"article\" \/>\n<meta property=\"og:title\" content=\"Beach Club - Astral Tulum\" \/>\n<meta property=\"og:description\" content=\"Astral cuenta con un restaurante frente al mar. Ofrecemos servicio personalizado en el club de playa y en las habitaciones.\" \/>\n<meta property=\"og:url\" content=\"https:\/\/astraltulum.mx\/en\/beach-club\/\" \/>\n<meta property=\"og:site_name\" content=\"Astral Tulum\" \/>\n<meta property=\"article:publisher\" content=\"https:\/\/www.facebook.com\/astraltulum\" \/>\n<meta property=\"article:modified_time\" content=\"2023-06-21T16:00:43+00:00\" \/>\n<meta property=\"og:image\" content=\"https:\/\/astraltulum.mx\/wp-content\/uploads\/2023\/06\/beach-club-tulum-02.jpg\" \/>\n\t<meta property=\"og:image:width\" content=\"800\" \/>\n\t<meta property=\"og:image:height\" content=\"1199\" \/>\n\t<meta property=\"og:image:type\" content=\"image\/jpeg\" \/>\n<meta name=\"twitter:card\" content=\"summary_large_image\" \/>\n<meta name=\"twitter:label1\" content=\"Est. reading time\" \/>\n\t<meta name=\"twitter:data1\" content=\"1 minute\" \/>\n<script type=\"application\/ld+json\" class=\"yoast-schema-graph\">{\"@context\":\"https:\/\/schema.org\",\"@graph\":[{\"@type\":\"WebPage\",\"@id\":\"https:\/\/astraltulum.mx\/beach-club\/\",\"url\":\"https:\/\/astraltulum.mx\/beach-club\/\",\"name\":\"Beach Club - Astral Tulum\",\"isPartOf\":{\"@id\":\"https:\/\/astraltulum.mx\/#website\"},\"primaryImageOfPage\":{\"@id\":\"https:\/\/astraltulum.mx\/beach-club\/#primaryimage\"},\"image\":{\"@id\":\"https:\/\/astraltulum.mx\/beach-club\/#primaryimage\"},\"thumbnailUrl\":\"https:\/\/astraltulum.mx\/wp-content\/uploads\/2023\/06\/beach-club-tulum-02.jpg\",\"datePublished\":\"2023-06-21T15:50:02+00:00\",\"dateModified\":\"2023-06-21T16:00:43+00:00\",\"description\":\"Astral cuenta con un restaurante frente al mar. Ofrecemos servicio personalizado en el club de playa y en las habitaciones.\",\"breadcrumb\":{\"@id\":\"https:\/\/astraltulum.mx\/beach-club\/#breadcrumb\"},\"inLanguage\":\"en-US\",\"potentialAction\":[{\"@type\":\"ReadAction\",\"target\":[\"https:\/\/astraltulum.mx\/beach-club\/\"]}]},{\"@type\":\"ImageObject\",\"inLanguage\":\"en-US\",\"@id\":\"https:\/\/astraltulum.mx\/beach-club\/#primaryimage\",\"url\":\"https:\/\/astraltulum.mx\/wp-content\/uploads\/2023\/06\/beach-club-tulum-02.jpg\",\"contentUrl\":\"https:\/\/astraltulum.mx\/wp-content\/uploads\/2023\/06\/beach-club-tulum-02.jpg\",\"width\":800,\"height\":1199,\"caption\":\"Astral Beach Club\"},{\"@type\":\"BreadcrumbList\",\"@id\":\"https:\/\/astraltulum.mx\/beach-club\/#breadcrumb\",\"itemListElement\":[{\"@type\":\"ListItem\",\"position\":1,\"name\":\"Inicio\",\"item\":\"https:\/\/astraltulum.mx\/\"},{\"@type\":\"ListItem\",\"position\":2,\"name\":\"Beach Club\"}]},{\"@type\":\"WebSite\",\"@id\":\"https:\/\/astraltulum.mx\/#website\",\"url\":\"https:\/\/astraltulum.mx\/\",\"name\":\"Astral Tulum\",\"description\":\"Bubble Beach Hotel\",\"potentialAction\":[{\"@type\":\"SearchAction\",\"target\":{\"@type\":\"EntryPoint\",\"urlTemplate\":\"https:\/\/astraltulum.mx\/?s={search_term_string}\"},\"query-input\":{\"@type\":\"PropertyValueSpecification\",\"valueRequired\":true,\"valueName\":\"search_term_string\"}}],\"inLanguage\":\"en-US\"}]}<\/script>\n<!-- \/ Yoast SEO plugin. -->","yoast_head_json":{"title":"Beach Club - Astral Tulum","description":"Astral cuenta con un restaurante frente al mar. Ofrecemos servicio personalizado en el club de playa y en las habitaciones.","robots":{"index":"index","follow":"follow","max-snippet":"max-snippet:-1","max-image-preview":"max-image-preview:large","max-video-preview":"max-video-preview:-1"},"canonical":"https:\/\/astraltulum.mx\/en\/beach-club\/","og_locale":"en_US","og_type":"article","og_title":"Beach Club - Astral Tulum","og_description":"Astral cuenta con un restaurante frente al mar. Ofrecemos servicio personalizado en el club de playa y en las habitaciones.","og_url":"https:\/\/astraltulum.mx\/en\/beach-club\/","og_site_name":"Astral Tulum","article_publisher":"https:\/\/www.facebook.com\/astraltulum","article_modified_time":"2023-06-21T16:00:43+00:00","og_image":[{"width":800,"height":1199,"url":"https:\/\/astraltulum.mx\/wp-content\/uploads\/2023\/06\/beach-club-tulum-02.jpg","type":"image\/jpeg"}],"twitter_card":"summary_large_image","twitter_misc":{"Est. reading time":"1 minute"},"schema":{"@context":"https:\/\/schema.org","@graph":[{"@type":"WebPage","@id":"https:\/\/astraltulum.mx\/beach-club\/","url":"https:\/\/astraltulum.mx\/beach-club\/","name":"Beach Club - Astral Tulum","isPartOf":{"@id":"https:\/\/astraltulum.mx\/#website"},"primaryImageOfPage":{"@id":"https:\/\/astraltulum.mx\/beach-club\/#primaryimage"},"image":{"@id":"https:\/\/astraltulum.mx\/beach-club\/#primaryimage"},"thumbnailUrl":"https:\/\/astraltulum.mx\/wp-content\/uploads\/2023\/06\/beach-club-tulum-02.jpg","datePublished":"2023-06-21T15:50:02+00:00","dateModified":"2023-06-21T16:00:43+00:00","description":"Astral cuenta con un restaurante frente al mar. Ofrecemos servicio personalizado en el club de playa y en las habitaciones.","breadcrumb":{"@id":"https:\/\/astraltulum.mx\/beach-club\/#breadcrumb"},"inLanguage":"en-US","potentialAction":[{"@type":"ReadAction","target":["https:\/\/astraltulum.mx\/beach-club\/"]}]},{"@type":"ImageObject","inLanguage":"en-US","@id":"https:\/\/astraltulum.mx\/beach-club\/#primaryimage","url":"https:\/\/astraltulum.mx\/wp-content\/uploads\/2023\/06\/beach-club-tulum-02.jpg","contentUrl":"https:\/\/astraltulum.mx\/wp-content\/uploads\/2023\/06\/beach-club-tulum-02.jpg","width":800,"height":1199,"caption":"Astral Beach Club"},{"@type":"BreadcrumbList","@id":"https:\/\/astraltulum.mx\/beach-club\/#breadcrumb","itemListElement":[{"@type":"ListItem","position":1,"name":"Inicio","item":"https:\/\/astraltulum.mx\/"},{"@type":"ListItem","position":2,"name":"Beach Club"}]},{"@type":"WebSite","@id":"https:\/\/astraltulum.mx\/#website","url":"https:\/\/astraltulum.mx\/","name":"Astral Tulum","description":"Bubble Beach Hotel","potentialAction":[{"@type":"SearchAction","target":{"@type":"EntryPoint","urlTemplate":"https:\/\/astraltulum.mx\/?s={search_term_string}"},"query-input":{"@type":"PropertyValueSpecification","valueRequired":true,"valueName":"search_term_string"}}],"inLanguage":"en-US"}]}},"_links":{"self":[{"href":"https:\/\/astraltulum.mx\/en\/wp-json\/wp\/v2\/pages\/1005","targetHints":{"allow":["GET"]}}],"collection":[{"href":"https:\/\/astraltulum.mx\/en\/wp-json\/wp\/v2\/pages"}],"about":[{"href":"https:\/\/astraltulum.mx\/en\/wp-json\/wp\/v2\/types\/page"}],"author":[{"embeddable":true,"href":"https:\/\/astraltulum.mx\/en\/wp-json\/wp\/v2\/users\/2"}],"replies":[{"embeddable":true,"href":"https:\/\/astraltulum.mx\/en\/wp-json\/wp\/v2\/comments?post=1005"}],"version-history":[{"count":0,"href":"https:\/\/astraltulum.mx\/en\/wp-json\/wp\/v2\/pages\/1005\/revisions"}],"wp:featuredmedia":[{"embeddable":true,"href":"https:\/\/astraltulum.mx\/en\/wp-json\/wp\/v2\/media\/1009"}],"wp:attachment":[{"href":"https:\/\/astraltulum.mx\/en\/wp-json\/wp\/v2\/media?parent=1005"}],"curies":[{"name":"wp","href":"https:\/\/api.w.org\/{rel}","templated":true}]}}