{"id":1028,"date":"2023-06-21T18:50:43","date_gmt":"2023-06-21T18:50:43","guid":{"rendered":"https:\/\/astraltulum.mx\/?page_id=1028"},"modified":"2023-06-21T19:10:10","modified_gmt":"2023-06-21T19:10:10","slug":"registro-de-acceso","status":"publish","type":"page","link":"https:\/\/astraltulum.mx\/en\/registro-de-acceso\/","title":{"rendered":"Day Access"},"content":{"rendered":"\t\t<div data-elementor-type=\"wp-page\" data-elementor-id=\"1028\" class=\"elementor elementor-1028\" data-elementor-settings=\"{&quot;ha_cmc_init_switcher&quot;:&quot;no&quot;}\" data-elementor-post-type=\"page\">\n\t\t\t\t\t\t<section class=\"elementor-section elementor-top-section elementor-element elementor-element-bc4b298 elementor-section-stretched elementor-section-full_width elementor-section-height-full elementor-section-height-default elementor-section-items-middle\" data-id=\"bc4b298\" data-element_type=\"section\" data-e-type=\"section\" data-settings=\"{&quot;stretch_section&quot;:&quot;section-stretched&quot;,&quot;background_background&quot;:&quot;classic&quot;,&quot;_ha_eqh_enable&quot;:false}\">\n\t\t\t\t\t\t<div class=\"elementor-container elementor-column-gap-default\">\n\t\t\t\t\t<div class=\"elementor-column elementor-col-50 elementor-top-column elementor-element elementor-element-0626923 elementor-hidden-tablet elementor-hidden-mobile\" data-id=\"0626923\" data-element_type=\"column\" data-e-type=\"column\" data-settings=\"{&quot;background_background&quot;:&quot;slideshow&quot;,&quot;background_slideshow_gallery&quot;:[{&quot;id&quot;:555,&quot;url&quot;:&quot;https:\\\/\\\/astraltulum.mx\\\/wp-content\\\/uploads\\\/2023\\\/04\\\/bubble-rooms-astral-tulum-10.jpg&quot;}],&quot;background_slideshow_slide_duration&quot;:3000,&quot;background_slideshow_loop&quot;:&quot;yes&quot;,&quot;background_slideshow_slide_transition&quot;:&quot;fade&quot;,&quot;background_slideshow_transition_duration&quot;:500}\">\n\t\t\t<div class=\"elementor-widget-wrap elementor-element-populated\">\n\t\t\t\t\t\t<div class=\"elementor-element elementor-element-1fd92fb elementor-widget elementor-widget-spacer\" data-id=\"1fd92fb\" data-element_type=\"widget\" data-e-type=\"widget\" data-widget_type=\"spacer.default\">\n\t\t\t\t\t\t\t<div class=\"elementor-spacer\">\n\t\t\t<div class=\"elementor-spacer-inner\"><\/div>\n\t\t<\/div>\n\t\t\t\t\t\t<\/div>\n\t\t\t\t\t<\/div>\n\t\t<\/div>\n\t\t\t\t<div class=\"elementor-column elementor-col-50 elementor-top-column elementor-element elementor-element-4ea71f2 elementor-invisible\" data-id=\"4ea71f2\" data-element_type=\"column\" data-e-type=\"column\" data-settings=\"{&quot;animation&quot;:&quot;fadeInUp&quot;}\">\n\t\t\t<div class=\"elementor-widget-wrap elementor-element-populated\">\n\t\t\t\t\t\t<div class=\"elementor-element elementor-element-1f806e9 elementor-widget elementor-widget-heading\" data-id=\"1f806e9\" data-element_type=\"widget\" data-e-type=\"widget\" data-widget_type=\"heading.default\">\n\t\t\t\t\t<h1 class=\"elementor-heading-title elementor-size-default\">Registro de acceso<\/h1>\t\t\t\t<\/div>\n\t\t\t\t<div class=\"elementor-element elementor-element-d7656c9 elementor-widget__width-initial elementor-widget-mobile__width-initial elementor-widget elementor-widget-text-editor\" data-id=\"d7656c9\" data-element_type=\"widget\" data-e-type=\"widget\" data-widget_type=\"text-editor.default\">\n\t\t\t\t\t\t\t\t\t<p>Con mucho gusto nos adherimos a las pol\u00edticas del Parque Nacional de Tulum para salvaguardar nuestro hermoso entorno natural. Complete este formulario y presente el correo electr\u00f3nico de confirmaci\u00f3n en la puerta del parque. Esto facilitar\u00e1 su acceso a ASTRAL. No es un boleto para ning\u00fan evento pago en nuestro recinto.<\/p>\t\t\t\t\t\t\t\t<\/div>\n\t\t\t\t<div class=\"elementor-element elementor-element-2f10e93 elementor-button-align-start elementor-widget elementor-widget-form\" data-id=\"2f10e93\" data-element_type=\"widget\" data-e-type=\"widget\" data-settings=\"{&quot;step_next_label&quot;:&quot;Next&quot;,&quot;step_previous_label&quot;:&quot;Previous&quot;,&quot;button_width&quot;:&quot;100&quot;,&quot;step_type&quot;:&quot;number_text&quot;,&quot;step_icon_shape&quot;:&quot;circle&quot;}\" data-widget_type=\"form.default\">\n\t\t\t\t\t\t\t<form class=\"elementor-form\" method=\"post\" name=\"Reserva restaurante\" aria-label=\"Reserva restaurante\">\n\t\t\t<input type=\"hidden\" name=\"post_id\" value=\"1028\"\/>\n\t\t\t<input type=\"hidden\" name=\"form_id\" value=\"2f10e93\"\/>\n\t\t\t<input type=\"hidden\" name=\"referer_title\" value=\"Registro de acceso - Astral Tulum\" \/>\n\n\t\t\t\t\t\t\t<input type=\"hidden\" name=\"queried_id\" value=\"1028\"\/>\n\t\t\t\n\t\t\t<div class=\"elementor-form-fields-wrapper elementor-labels-\">\n\t\t\t\t\t\t\t\t<div class=\"elementor-field-type-text elementor-field-group elementor-column elementor-field-group-name elementor-col-50 elementor-field-required\">\n\t\t\t\t\t\t\t\t\t\t\t\t<label for=\"form-field-name\" class=\"elementor-field-label elementor-screen-only\">\n\t\t\t\t\t\t\t\tNombre \t\t\t\t\t\t\t<\/label>\n\t\t\t\t\t\t\t\t\t\t\t\t\t\t<input size=\"1\" type=\"text\" name=\"form_fields[name]\" id=\"form-field-name\" class=\"elementor-field elementor-size-sm  elementor-field-textual\" placeholder=\"Nombre \" required=\"required\">\n\t\t\t\t\t\t\t\t\t\t\t<\/div>\n\t\t\t\t\t\t\t\t<div class=\"elementor-field-type-text elementor-field-group elementor-column elementor-field-group-field_daf759b elementor-col-50 elementor-field-required\">\n\t\t\t\t\t\t\t\t\t\t\t\t<label for=\"form-field-field_daf759b\" class=\"elementor-field-label elementor-screen-only\">\n\t\t\t\t\t\t\t\tApellido\t\t\t\t\t\t\t<\/label>\n\t\t\t\t\t\t\t\t\t\t\t\t\t\t<input size=\"1\" type=\"text\" name=\"form_fields[field_daf759b]\" id=\"form-field-field_daf759b\" class=\"elementor-field elementor-size-sm  elementor-field-textual\" placeholder=\"Apellido\" required=\"required\">\n\t\t\t\t\t\t\t\t\t\t\t<\/div>\n\t\t\t\t\t\t\t\t<div class=\"elementor-field-type-email elementor-field-group elementor-column elementor-field-group-email elementor-col-50 elementor-field-required\">\n\t\t\t\t\t\t\t\t\t\t\t\t<label for=\"form-field-email\" class=\"elementor-field-label elementor-screen-only\">\n\t\t\t\t\t\t\t\tEmail\t\t\t\t\t\t\t<\/label>\n\t\t\t\t\t\t\t\t\t\t\t\t\t\t<input size=\"1\" type=\"email\" name=\"form_fields[email]\" id=\"form-field-email\" class=\"elementor-field elementor-size-sm  elementor-field-textual\" placeholder=\"Email\" required=\"required\">\n\t\t\t\t\t\t\t\t\t\t\t<\/div>\n\t\t\t\t\t\t\t\t<div class=\"elementor-field-type-date elementor-field-group elementor-column elementor-field-group-field_0eb9d53 elementor-col-50 elementor-field-required\">\n\t\t\t\t\t\t\t\t\t\t\t\t<label for=\"form-field-field_0eb9d53\" class=\"elementor-field-label elementor-screen-only\">\n\t\t\t\t\t\t\t\tFecha de su visita\t\t\t\t\t\t\t<\/label>\n\t\t\t\t\t\t\n\t\t<input type=\"date\" name=\"form_fields[field_0eb9d53]\" id=\"form-field-field_0eb9d53\" class=\"elementor-field elementor-size-sm  elementor-field-textual elementor-date-field\" placeholder=\"Fecha de su visita\" required=\"required\" pattern=\"[0-9]{4}-[0-9]{2}-[0-9]{2}\">\n\t\t\t\t\t\t<\/div>\n\t\t\t\t\t\t\t\t<div class=\"elementor-field-type-time elementor-field-group elementor-column elementor-field-group-field_21a8d59 elementor-col-50 elementor-field-required\">\n\t\t\t\t\t\t\t\t\t\t\t\t<label for=\"form-field-field_21a8d59\" class=\"elementor-field-label elementor-screen-only\">\n\t\t\t\t\t\t\t\tHora de llegada\t\t\t\t\t\t\t<\/label>\n\t\t\t\t\t\t\t\t<input type=\"time\" name=\"form_fields[field_21a8d59]\" id=\"form-field-field_21a8d59\" class=\"elementor-field elementor-size-sm  elementor-field-textual elementor-time-field\" placeholder=\"Hora de llegada\" required=\"required\">\n\t\t\t\t\t\t<\/div>\n\t\t\t\t\t\t\t\t<div class=\"elementor-field-type-number elementor-field-group elementor-column elementor-field-group-field_e618836 elementor-col-50 elementor-field-required\">\n\t\t\t\t\t\t\t\t\t\t\t\t<label for=\"form-field-field_e618836\" class=\"elementor-field-label elementor-screen-only\">\n\t\t\t\t\t\t\t\tCantidad de personas\t\t\t\t\t\t\t<\/label>\n\t\t\t\t\t\t\t\t\t<input type=\"number\" name=\"form_fields[field_e618836]\" id=\"form-field-field_e618836\" class=\"elementor-field elementor-size-sm  elementor-field-textual\" placeholder=\"Cantidad de personas\" required=\"required\" min=\"1\" max=\"\" >\n\t\t\t\t\t\t<\/div>\n\t\t\t\t\t\t\t\t<div class=\"elementor-field-type-textarea elementor-field-group elementor-column elementor-field-group-message elementor-col-100\">\n\t\t\t\t\t\t\t\t\t\t\t\t<label for=\"form-field-message\" class=\"elementor-field-label elementor-screen-only\">\n\t\t\t\t\t\t\t\tMensaje\t\t\t\t\t\t\t<\/label>\n\t\t\t\t\t\t<textarea class=\"elementor-field-textual elementor-field  elementor-size-sm\" name=\"form_fields[message]\" id=\"form-field-message\" rows=\"4\" placeholder=\"Mensaje\"><\/textarea>\t\t\t\t<\/div>\n\t\t\t\t\t\t\t\t<div class=\"elementor-field-type-recaptcha_v3 elementor-field-group elementor-column elementor-field-group-field_afb00c0 elementor-col-100 recaptcha_v3-bottomleft\">\n\t\t\t\t\t<div class=\"elementor-field\" id=\"form-field-field_afb00c0\"><div class=\"elementor-g-recaptcha\" data-sitekey=\"6Le2P70lAAAAACT6_UvwSXQlrq_zueKoM5hrSgI8\" data-type=\"v3\" data-action=\"Form\" data-badge=\"bottomleft\" data-size=\"invisible\"><\/div><\/div>\t\t\t\t<\/div>\n\t\t\t\t\t\t\t\t<div class=\"elementor-field-group elementor-column elementor-field-type-submit elementor-col-100 e-form__buttons\">\n\t\t\t\t\t<button class=\"elementor-button elementor-size-md elementor-animation-grow\" type=\"submit\">\n\t\t\t\t\t\t<span class=\"elementor-button-content-wrapper\">\n\t\t\t\t\t\t\t\t\t\t\t\t\t\t\t\t\t\t\t\t\t\t<span class=\"elementor-button-text\">Enviar<\/span>\n\t\t\t\t\t\t\t\t\t\t\t\t\t<\/span>\n\t\t\t\t\t<\/button>\n\t\t\t\t<\/div>\n\t\t\t<\/div>\n\t\t<\/form>\n\t\t\t\t\t\t<\/div>\n\t\t\t\t<div class=\"elementor-element elementor-element-058ab06 elementor-widget elementor-widget-html\" data-id=\"058ab06\" data-element_type=\"widget\" data-e-type=\"widget\" data-widget_type=\"html.default\">\n\t\t\t\t\t<style>\n    footer{\n        display:none;\n    }\n    .site-header{\n        display: none;\n    }\n<\/style>\t\t\t\t<\/div>\n\t\t\t\t\t<\/div>\n\t\t<\/div>\n\t\t\t\t\t<\/div>\n\t\t<\/section>\n\t\t\t\t<\/div>\n\t\t","protected":false},"excerpt":{"rendered":"<p>Registro de acceso Con mucho gusto nos adherimos a las pol\u00edticas del Parque Nacional de Tulum para salvaguardar nuestro hermoso entorno natural. Complete este formulario y presente el correo electr\u00f3nico de confirmaci\u00f3n en la puerta del parque. Esto facilitar\u00e1 su acceso a ASTRAL. No es un boleto para ning\u00fan evento pago en nuestro recinto.<\/p>","protected":false},"author":2,"featured_media":1008,"parent":0,"menu_order":0,"comment_status":"closed","ping_status":"closed","template":"elementor_header_footer","meta":{"_joinchat":[],"footnotes":""},"class_list":["post-1028","page","type-page","status-publish","has-post-thumbnail","hentry"],"yoast_head":"<!-- This site is optimized with the Yoast SEO plugin v26.9 - https:\/\/yoast.com\/product\/yoast-seo-wordpress\/ -->\n<title>Registro de acceso - Astral Tulum<\/title>\n<meta name=\"description\" content=\"Astral cuenta con un restaurante frente al mar. Ofrecemos servicio personalizado en el club de playa y en las habitaciones.\" \/>\n<meta name=\"robots\" content=\"index, follow, max-snippet:-1, max-image-preview:large, max-video-preview:-1\" \/>\n<link rel=\"canonical\" href=\"https:\/\/astraltulum.mx\/en\/registro-de-acceso\/\" \/>\n<meta property=\"og:locale\" content=\"en_US\" \/>\n<meta property=\"og:type\" content=\"article\" \/>\n<meta property=\"og:title\" content=\"Registro de acceso - Astral Tulum\" \/>\n<meta property=\"og:description\" content=\"Astral cuenta con un restaurante frente al mar. Ofrecemos servicio personalizado en el club de playa y en las habitaciones.\" \/>\n<meta property=\"og:url\" content=\"https:\/\/astraltulum.mx\/en\/registro-de-acceso\/\" \/>\n<meta property=\"og:site_name\" content=\"Astral Tulum\" \/>\n<meta property=\"article:publisher\" content=\"https:\/\/www.facebook.com\/astraltulum\" \/>\n<meta property=\"article:modified_time\" content=\"2023-06-21T19:10:10+00:00\" \/>\n<meta property=\"og:image\" content=\"https:\/\/astraltulum.mx\/wp-content\/uploads\/2023\/06\/beach-club-tulum-01.jpg\" \/>\n\t<meta property=\"og:image:width\" content=\"800\" \/>\n\t<meta property=\"og:image:height\" content=\"1199\" \/>\n\t<meta property=\"og:image:type\" content=\"image\/jpeg\" \/>\n<meta name=\"twitter:card\" content=\"summary_large_image\" \/>\n<meta name=\"twitter:label1\" content=\"Est. reading time\" \/>\n\t<meta name=\"twitter:data1\" content=\"1 minute\" \/>\n<script type=\"application\/ld+json\" class=\"yoast-schema-graph\">{\"@context\":\"https:\/\/schema.org\",\"@graph\":[{\"@type\":\"WebPage\",\"@id\":\"https:\/\/astraltulum.mx\/registro-de-acceso\/\",\"url\":\"https:\/\/astraltulum.mx\/registro-de-acceso\/\",\"name\":\"Registro de acceso - Astral Tulum\",\"isPartOf\":{\"@id\":\"https:\/\/astraltulum.mx\/#website\"},\"primaryImageOfPage\":{\"@id\":\"https:\/\/astraltulum.mx\/registro-de-acceso\/#primaryimage\"},\"image\":{\"@id\":\"https:\/\/astraltulum.mx\/registro-de-acceso\/#primaryimage\"},\"thumbnailUrl\":\"https:\/\/astraltulum.mx\/wp-content\/uploads\/2023\/06\/beach-club-tulum-01.jpg\",\"datePublished\":\"2023-06-21T18:50:43+00:00\",\"dateModified\":\"2023-06-21T19:10:10+00:00\",\"description\":\"Astral cuenta con un restaurante frente al mar. Ofrecemos servicio personalizado en el club de playa y en las habitaciones.\",\"breadcrumb\":{\"@id\":\"https:\/\/astraltulum.mx\/registro-de-acceso\/#breadcrumb\"},\"inLanguage\":\"en-US\",\"potentialAction\":[{\"@type\":\"ReadAction\",\"target\":[\"https:\/\/astraltulum.mx\/registro-de-acceso\/\"]}]},{\"@type\":\"ImageObject\",\"inLanguage\":\"en-US\",\"@id\":\"https:\/\/astraltulum.mx\/registro-de-acceso\/#primaryimage\",\"url\":\"https:\/\/astraltulum.mx\/wp-content\/uploads\/2023\/06\/beach-club-tulum-01.jpg\",\"contentUrl\":\"https:\/\/astraltulum.mx\/wp-content\/uploads\/2023\/06\/beach-club-tulum-01.jpg\",\"width\":800,\"height\":1199,\"caption\":\"Astral Beach Club\"},{\"@type\":\"BreadcrumbList\",\"@id\":\"https:\/\/astraltulum.mx\/registro-de-acceso\/#breadcrumb\",\"itemListElement\":[{\"@type\":\"ListItem\",\"position\":1,\"name\":\"Inicio\",\"item\":\"https:\/\/astraltulum.mx\/\"},{\"@type\":\"ListItem\",\"position\":2,\"name\":\"Registro de acceso\"}]},{\"@type\":\"WebSite\",\"@id\":\"https:\/\/astraltulum.mx\/#website\",\"url\":\"https:\/\/astraltulum.mx\/\",\"name\":\"Astral Tulum\",\"description\":\"Bubble Beach Hotel\",\"potentialAction\":[{\"@type\":\"SearchAction\",\"target\":{\"@type\":\"EntryPoint\",\"urlTemplate\":\"https:\/\/astraltulum.mx\/?s={search_term_string}\"},\"query-input\":{\"@type\":\"PropertyValueSpecification\",\"valueRequired\":true,\"valueName\":\"search_term_string\"}}],\"inLanguage\":\"en-US\"}]}<\/script>\n<!-- \/ Yoast SEO plugin. -->","yoast_head_json":{"title":"Registro de acceso - Astral Tulum","description":"Astral cuenta con un restaurante frente al mar. Ofrecemos servicio personalizado en el club de playa y en las habitaciones.","robots":{"index":"index","follow":"follow","max-snippet":"max-snippet:-1","max-image-preview":"max-image-preview:large","max-video-preview":"max-video-preview:-1"},"canonical":"https:\/\/astraltulum.mx\/en\/registro-de-acceso\/","og_locale":"en_US","og_type":"article","og_title":"Registro de acceso - Astral Tulum","og_description":"Astral cuenta con un restaurante frente al mar. Ofrecemos servicio personalizado en el club de playa y en las habitaciones.","og_url":"https:\/\/astraltulum.mx\/en\/registro-de-acceso\/","og_site_name":"Astral Tulum","article_publisher":"https:\/\/www.facebook.com\/astraltulum","article_modified_time":"2023-06-21T19:10:10+00:00","og_image":[{"width":800,"height":1199,"url":"https:\/\/astraltulum.mx\/wp-content\/uploads\/2023\/06\/beach-club-tulum-01.jpg","type":"image\/jpeg"}],"twitter_card":"summary_large_image","twitter_misc":{"Est. reading time":"1 minute"},"schema":{"@context":"https:\/\/schema.org","@graph":[{"@type":"WebPage","@id":"https:\/\/astraltulum.mx\/registro-de-acceso\/","url":"https:\/\/astraltulum.mx\/registro-de-acceso\/","name":"Registro de acceso - Astral Tulum","isPartOf":{"@id":"https:\/\/astraltulum.mx\/#website"},"primaryImageOfPage":{"@id":"https:\/\/astraltulum.mx\/registro-de-acceso\/#primaryimage"},"image":{"@id":"https:\/\/astraltulum.mx\/registro-de-acceso\/#primaryimage"},"thumbnailUrl":"https:\/\/astraltulum.mx\/wp-content\/uploads\/2023\/06\/beach-club-tulum-01.jpg","datePublished":"2023-06-21T18:50:43+00:00","dateModified":"2023-06-21T19:10:10+00:00","description":"Astral cuenta con un restaurante frente al mar. Ofrecemos servicio personalizado en el club de playa y en las habitaciones.","breadcrumb":{"@id":"https:\/\/astraltulum.mx\/registro-de-acceso\/#breadcrumb"},"inLanguage":"en-US","potentialAction":[{"@type":"ReadAction","target":["https:\/\/astraltulum.mx\/registro-de-acceso\/"]}]},{"@type":"ImageObject","inLanguage":"en-US","@id":"https:\/\/astraltulum.mx\/registro-de-acceso\/#primaryimage","url":"https:\/\/astraltulum.mx\/wp-content\/uploads\/2023\/06\/beach-club-tulum-01.jpg","contentUrl":"https:\/\/astraltulum.mx\/wp-content\/uploads\/2023\/06\/beach-club-tulum-01.jpg","width":800,"height":1199,"caption":"Astral Beach Club"},{"@type":"BreadcrumbList","@id":"https:\/\/astraltulum.mx\/registro-de-acceso\/#breadcrumb","itemListElement":[{"@type":"ListItem","position":1,"name":"Inicio","item":"https:\/\/astraltulum.mx\/"},{"@type":"ListItem","position":2,"name":"Registro de acceso"}]},{"@type":"WebSite","@id":"https:\/\/astraltulum.mx\/#website","url":"https:\/\/astraltulum.mx\/","name":"Astral Tulum","description":"Bubble Beach Hotel","potentialAction":[{"@type":"SearchAction","target":{"@type":"EntryPoint","urlTemplate":"https:\/\/astraltulum.mx\/?s={search_term_string}"},"query-input":{"@type":"PropertyValueSpecification","valueRequired":true,"valueName":"search_term_string"}}],"inLanguage":"en-US"}]}},"_links":{"self":[{"href":"https:\/\/astraltulum.mx\/en\/wp-json\/wp\/v2\/pages\/1028","targetHints":{"allow":["GET"]}}],"collection":[{"href":"https:\/\/astraltulum.mx\/en\/wp-json\/wp\/v2\/pages"}],"about":[{"href":"https:\/\/astraltulum.mx\/en\/wp-json\/wp\/v2\/types\/page"}],"author":[{"embeddable":true,"href":"https:\/\/astraltulum.mx\/en\/wp-json\/wp\/v2\/users\/2"}],"replies":[{"embeddable":true,"href":"https:\/\/astraltulum.mx\/en\/wp-json\/wp\/v2\/comments?post=1028"}],"version-history":[{"count":0,"href":"https:\/\/astraltulum.mx\/en\/wp-json\/wp\/v2\/pages\/1028\/revisions"}],"wp:featuredmedia":[{"embeddable":true,"href":"https:\/\/astraltulum.mx\/en\/wp-json\/wp\/v2\/media\/1008"}],"wp:attachment":[{"href":"https:\/\/astraltulum.mx\/en\/wp-json\/wp\/v2\/media?parent=1028"}],"curies":[{"name":"wp","href":"https:\/\/api.w.org\/{rel}","templated":true}]}}