{"id":722,"date":"2023-04-26T14:16:31","date_gmt":"2023-04-26T14:16:31","guid":{"rendered":"https:\/\/astraltulum.mx\/?page_id=722"},"modified":"2023-06-07T16:35:02","modified_gmt":"2023-06-07T16:35:02","slug":"astraland","status":"publish","type":"page","link":"https:\/\/astraltulum.mx\/en\/astraland\/","title":{"rendered":"Astraland"},"content":{"rendered":"\t\t<div data-elementor-type=\"wp-page\" data-elementor-id=\"722\" class=\"elementor elementor-722\" data-elementor-settings=\"{&quot;ha_cmc_init_switcher&quot;:&quot;no&quot;}\" data-elementor-post-type=\"page\">\n\t\t\t\t\t\t<section class=\"elementor-section elementor-top-section elementor-element elementor-element-2a49f5b elementor-section-stretched elementor-section-full_width elementor-section-height-default elementor-section-height-default\" data-id=\"2a49f5b\" data-element_type=\"section\" data-e-type=\"section\" data-settings=\"{&quot;stretch_section&quot;:&quot;section-stretched&quot;,&quot;background_background&quot;:&quot;classic&quot;,&quot;_ha_eqh_enable&quot;:false}\">\n\t\t\t\t\t\t<div class=\"elementor-container elementor-column-gap-default\">\n\t\t\t\t\t<div class=\"elementor-column elementor-col-100 elementor-top-column elementor-element elementor-element-b9ff61e elementor-invisible\" data-id=\"b9ff61e\" data-element_type=\"column\" data-e-type=\"column\" data-settings=\"{&quot;animation&quot;:&quot;fadeIn&quot;}\">\n\t\t\t<div class=\"elementor-widget-wrap elementor-element-populated\">\n\t\t\t\t\t\t<div class=\"elementor-element elementor-element-1f806e9 elementor-widget elementor-widget-heading\" data-id=\"1f806e9\" data-element_type=\"widget\" data-e-type=\"widget\" data-widget_type=\"heading.default\">\n\t\t\t\t\t<h1 class=\"elementor-heading-title elementor-size-default\">club de ni\u00f1os<\/h1>\t\t\t\t<\/div>\n\t\t\t\t\t<\/div>\n\t\t<\/div>\n\t\t\t\t\t<\/div>\n\t\t<\/section>\n\t\t\t\t<section class=\"elementor-section elementor-top-section elementor-element elementor-element-bc4b298 elementor-section-stretched elementor-section-full_width elementor-reverse-mobile elementor-section-height-default elementor-section-height-default\" data-id=\"bc4b298\" data-element_type=\"section\" data-e-type=\"section\" data-settings=\"{&quot;stretch_section&quot;:&quot;section-stretched&quot;,&quot;background_background&quot;:&quot;classic&quot;,&quot;_ha_eqh_enable&quot;:false}\">\n\t\t\t\t\t\t<div class=\"elementor-container elementor-column-gap-default\">\n\t\t\t\t\t<div class=\"elementor-column elementor-col-50 elementor-top-column elementor-element elementor-element-0626923 elementor-hidden-tablet elementor-hidden-mobile elementor-invisible\" data-id=\"0626923\" data-element_type=\"column\" data-e-type=\"column\" data-settings=\"{&quot;animation&quot;:&quot;fadeInUp&quot;,&quot;background_background&quot;:&quot;slideshow&quot;,&quot;background_slideshow_gallery&quot;:[{&quot;id&quot;:725,&quot;url&quot;:&quot;https:\\\/\\\/astraltulum.mx\\\/wp-content\\\/uploads\\\/2023\\\/04\\\/astraland-tulum-01.jpg&quot;}],&quot;background_slideshow_slide_duration&quot;:3000,&quot;background_slideshow_loop&quot;:&quot;yes&quot;,&quot;background_slideshow_slide_transition&quot;:&quot;fade&quot;,&quot;background_slideshow_transition_duration&quot;:500}\">\n\t\t\t<div class=\"elementor-widget-wrap\">\n\t\t\t\t\t\t\t<\/div>\n\t\t<\/div>\n\t\t\t\t<div class=\"elementor-column elementor-col-50 elementor-top-column elementor-element elementor-element-4ea71f2 elementor-invisible\" data-id=\"4ea71f2\" data-element_type=\"column\" data-e-type=\"column\" data-settings=\"{&quot;animation&quot;:&quot;fadeInUp&quot;}\">\n\t\t\t<div class=\"elementor-widget-wrap elementor-element-populated\">\n\t\t\t\t\t\t<div class=\"elementor-element elementor-element-d7656c9 elementor-widget__width-initial elementor-widget-mobile__width-initial elementor-widget elementor-widget-text-editor\" data-id=\"d7656c9\" data-element_type=\"widget\" data-e-type=\"widget\" data-widget_type=\"text-editor.default\">\n\t\t\t\t\t\t\t\t\t<p>Astraland es un hermoso espacio para ni\u00f1os a partir de 3 a\u00f1os.<\/p><p>Creemos que nuestros peque\u00f1os merecen disfrutar y divertirse siguiendo su etapa de desarrollo incluso cuando est\u00e1n de vacaciones.<\/p><p>Por eso ofrecemos un parque infantil donde pueden jugar con otros ni\u00f1os, o con los juegos que proporcionamos y dar a sus padres un poco de descanso.<\/p><p>Contamos tambi\u00e9n con una \u00e1rea de lectura y juegos para adolescentes.<\/p><p>Ofrecemos servicios personalizados con costo para ni\u00f1eras y para fiestas de cumplea\u00f1os.<\/p><p>S\u00edguenos en las redes sociales para conocer m\u00e1s sobre nuestros eventos para ni\u00f1os.\u00a0<\/p><p>Es muy importante que cada familia supervise constantemente a sus propios hijos. Astral no se hace responsable de accidentes.<\/p>\t\t\t\t\t\t\t\t<\/div>\n\t\t\t\t\t<\/div>\n\t\t<\/div>\n\t\t\t\t\t<\/div>\n\t\t<\/section>\n\t\t\t\t<section class=\"elementor-section elementor-top-section elementor-element elementor-element-436f6dc elementor-section-stretched elementor-section-full_width elementor-section-height-default elementor-section-height-default\" data-id=\"436f6dc\" data-element_type=\"section\" data-e-type=\"section\" data-settings=\"{&quot;stretch_section&quot;:&quot;section-stretched&quot;,&quot;background_background&quot;:&quot;classic&quot;,&quot;_ha_eqh_enable&quot;:false}\">\n\t\t\t\t\t\t<div class=\"elementor-container elementor-column-gap-default\">\n\t\t\t\t\t<div class=\"elementor-column elementor-col-33 elementor-top-column elementor-element elementor-element-5666f6d\" data-id=\"5666f6d\" data-element_type=\"column\" data-e-type=\"column\" data-settings=\"{&quot;background_background&quot;:&quot;slideshow&quot;,&quot;background_slideshow_slide_duration&quot;:3000,&quot;background_slideshow_gallery&quot;:[],&quot;background_slideshow_loop&quot;:&quot;yes&quot;,&quot;background_slideshow_slide_transition&quot;:&quot;fade&quot;,&quot;background_slideshow_transition_duration&quot;:500}\">\n\t\t\t<div class=\"elementor-widget-wrap elementor-element-populated\">\n\t\t\t\t\t\t<div class=\"elementor-element elementor-element-6786d09 elementor-cta--skin-classic elementor-animated-content elementor-invisible elementor-widget elementor-widget-call-to-action\" data-id=\"6786d09\" data-element_type=\"widget\" data-e-type=\"widget\" data-settings=\"{&quot;_animation&quot;:&quot;fadeIn&quot;}\" data-widget_type=\"call-to-action.default\">\n\t\t\t\t\t\t\t<div class=\"elementor-cta\">\n\t\t\t\t\t<div class=\"elementor-cta__bg-wrapper\">\n\t\t\t\t<div class=\"elementor-cta__bg elementor-bg\" style=\"background-image: url(https:\/\/astraltulum.mx\/wp-content\/uploads\/2023\/04\/astraland-tulum-02.jpg);\" role=\"img\" aria-label=\"Astraland\"><\/div>\n\t\t\t\t<div class=\"elementor-cta__bg-overlay\"><\/div>\n\t\t\t<\/div>\n\t\t\t\t\t\t\t\t<\/div>\n\t\t\t\t\t\t<\/div>\n\t\t\t\t\t<\/div>\n\t\t<\/div>\n\t\t\t\t<div class=\"elementor-column elementor-col-33 elementor-top-column elementor-element elementor-element-d558e51\" data-id=\"d558e51\" data-element_type=\"column\" data-e-type=\"column\">\n\t\t\t<div class=\"elementor-widget-wrap elementor-element-populated\">\n\t\t\t\t\t\t<div class=\"elementor-element elementor-element-3df1400 elementor-cta--skin-classic elementor-animated-content elementor-invisible elementor-widget elementor-widget-call-to-action\" data-id=\"3df1400\" data-element_type=\"widget\" data-e-type=\"widget\" data-settings=\"{&quot;_animation&quot;:&quot;fadeIn&quot;}\" data-widget_type=\"call-to-action.default\">\n\t\t\t\t\t\t\t<div class=\"elementor-cta\">\n\t\t\t\t\t<div class=\"elementor-cta__bg-wrapper\">\n\t\t\t\t<div class=\"elementor-cta__bg elementor-bg\" style=\"background-image: url(https:\/\/astraltulum.mx\/wp-content\/uploads\/2023\/04\/astraland-tulum-03.jpg);\" role=\"img\" aria-label=\"Astraland\"><\/div>\n\t\t\t\t<div class=\"elementor-cta__bg-overlay\"><\/div>\n\t\t\t<\/div>\n\t\t\t\t\t\t\t\t<\/div>\n\t\t\t\t\t\t<\/div>\n\t\t\t\t\t<\/div>\n\t\t<\/div>\n\t\t\t\t<div class=\"elementor-column elementor-col-33 elementor-top-column elementor-element elementor-element-2a4df89\" data-id=\"2a4df89\" data-element_type=\"column\" data-e-type=\"column\">\n\t\t\t<div class=\"elementor-widget-wrap elementor-element-populated\">\n\t\t\t\t\t\t<div class=\"elementor-element elementor-element-915bce3 elementor-cta--skin-classic elementor-animated-content elementor-invisible elementor-widget elementor-widget-call-to-action\" data-id=\"915bce3\" data-element_type=\"widget\" data-e-type=\"widget\" data-settings=\"{&quot;_animation&quot;:&quot;fadeIn&quot;}\" data-widget_type=\"call-to-action.default\">\n\t\t\t\t\t\t\t<div class=\"elementor-cta\">\n\t\t\t\t\t<div class=\"elementor-cta__bg-wrapper\">\n\t\t\t\t<div class=\"elementor-cta__bg elementor-bg\" style=\"background-image: url(https:\/\/astraltulum.mx\/wp-content\/uploads\/2023\/05\/astraland-tulum-04.jpg);\" role=\"img\" aria-label=\"Astraland\"><\/div>\n\t\t\t\t<div class=\"elementor-cta__bg-overlay\"><\/div>\n\t\t\t<\/div>\n\t\t\t\t\t\t\t\t<\/div>\n\t\t\t\t\t\t<\/div>\n\t\t\t\t\t<\/div>\n\t\t<\/div>\n\t\t\t\t\t<\/div>\n\t\t<\/section>\n\t\t\t\t<\/div>\n\t\t","protected":false},"excerpt":{"rendered":"<p>club de ni\u00f1os Astraland es un hermoso espacio para ni\u00f1os a partir de 3 a\u00f1os. Creemos que nuestros peque\u00f1os merecen disfrutar y divertirse siguiendo su etapa de desarrollo incluso cuando est\u00e1n de vacaciones. Por eso ofrecemos un parque infantil donde pueden jugar con otros ni\u00f1os, o con los juegos que proporcionamos y dar a sus [&hellip;]<\/p>\n","protected":false},"author":2,"featured_media":726,"parent":0,"menu_order":0,"comment_status":"closed","ping_status":"closed","template":"elementor_header_footer","meta":{"_joinchat":[],"footnotes":""},"class_list":["post-722","page","type-page","status-publish","has-post-thumbnail","hentry"],"yoast_head":"<!-- This site is optimized with the Yoast SEO plugin v26.9 - https:\/\/yoast.com\/product\/yoast-seo-wordpress\/ -->\n<title>Astraland - Astral Tulum<\/title>\n<meta name=\"description\" content=\"Ofrecemos un parque infantil donde pueden jugar con otros ni\u00f1os, o con los juegos que proporcionamos y dar a sus padres un poco de descanso.\" \/>\n<meta name=\"robots\" content=\"index, follow, max-snippet:-1, max-image-preview:large, max-video-preview:-1\" \/>\n<link rel=\"canonical\" href=\"https:\/\/astraltulum.mx\/en\/astraland\/\" \/>\n<meta property=\"og:locale\" content=\"en_US\" \/>\n<meta property=\"og:type\" content=\"article\" \/>\n<meta property=\"og:title\" content=\"Astraland - Astral Tulum\" \/>\n<meta property=\"og:description\" content=\"Ofrecemos un parque infantil donde pueden jugar con otros ni\u00f1os, o con los juegos que proporcionamos y dar a sus padres un poco de descanso.\" \/>\n<meta property=\"og:url\" content=\"https:\/\/astraltulum.mx\/en\/astraland\/\" \/>\n<meta property=\"og:site_name\" content=\"Astral Tulum\" \/>\n<meta property=\"article:publisher\" content=\"https:\/\/www.facebook.com\/astraltulum\" \/>\n<meta property=\"article:modified_time\" content=\"2023-06-07T16:35:02+00:00\" \/>\n<meta property=\"og:image\" content=\"https:\/\/astraltulum.mx\/wp-content\/uploads\/2023\/04\/astraland-tulum-02.jpg\" \/>\n\t<meta property=\"og:image:width\" content=\"1000\" \/>\n\t<meta property=\"og:image:height\" content=\"1499\" \/>\n\t<meta property=\"og:image:type\" content=\"image\/jpeg\" \/>\n<meta name=\"twitter:card\" content=\"summary_large_image\" \/>\n<meta name=\"twitter:label1\" content=\"Est. reading time\" \/>\n\t<meta name=\"twitter:data1\" content=\"1 minute\" \/>\n<script type=\"application\/ld+json\" class=\"yoast-schema-graph\">{\"@context\":\"https:\/\/schema.org\",\"@graph\":[{\"@type\":\"WebPage\",\"@id\":\"https:\/\/astraltulum.mx\/astraland\/\",\"url\":\"https:\/\/astraltulum.mx\/astraland\/\",\"name\":\"Astraland - Astral Tulum\",\"isPartOf\":{\"@id\":\"https:\/\/astraltulum.mx\/#website\"},\"primaryImageOfPage\":{\"@id\":\"https:\/\/astraltulum.mx\/astraland\/#primaryimage\"},\"image\":{\"@id\":\"https:\/\/astraltulum.mx\/astraland\/#primaryimage\"},\"thumbnailUrl\":\"https:\/\/astraltulum.mx\/wp-content\/uploads\/2023\/04\/astraland-tulum-02.jpg\",\"datePublished\":\"2023-04-26T14:16:31+00:00\",\"dateModified\":\"2023-06-07T16:35:02+00:00\",\"description\":\"Ofrecemos un parque infantil donde pueden jugar con otros ni\u00f1os, o con los juegos que proporcionamos y dar a sus padres un poco de descanso.\",\"breadcrumb\":{\"@id\":\"https:\/\/astraltulum.mx\/astraland\/#breadcrumb\"},\"inLanguage\":\"en-US\",\"potentialAction\":[{\"@type\":\"ReadAction\",\"target\":[\"https:\/\/astraltulum.mx\/astraland\/\"]}]},{\"@type\":\"ImageObject\",\"inLanguage\":\"en-US\",\"@id\":\"https:\/\/astraltulum.mx\/astraland\/#primaryimage\",\"url\":\"https:\/\/astraltulum.mx\/wp-content\/uploads\/2023\/04\/astraland-tulum-02.jpg\",\"contentUrl\":\"https:\/\/astraltulum.mx\/wp-content\/uploads\/2023\/04\/astraland-tulum-02.jpg\",\"width\":1000,\"height\":1499,\"caption\":\"Astraland\"},{\"@type\":\"BreadcrumbList\",\"@id\":\"https:\/\/astraltulum.mx\/astraland\/#breadcrumb\",\"itemListElement\":[{\"@type\":\"ListItem\",\"position\":1,\"name\":\"Inicio\",\"item\":\"https:\/\/astraltulum.mx\/\"},{\"@type\":\"ListItem\",\"position\":2,\"name\":\"Astraland\"}]},{\"@type\":\"WebSite\",\"@id\":\"https:\/\/astraltulum.mx\/#website\",\"url\":\"https:\/\/astraltulum.mx\/\",\"name\":\"Astral Tulum\",\"description\":\"Bubble Beach Hotel\",\"potentialAction\":[{\"@type\":\"SearchAction\",\"target\":{\"@type\":\"EntryPoint\",\"urlTemplate\":\"https:\/\/astraltulum.mx\/?s={search_term_string}\"},\"query-input\":{\"@type\":\"PropertyValueSpecification\",\"valueRequired\":true,\"valueName\":\"search_term_string\"}}],\"inLanguage\":\"en-US\"}]}<\/script>\n<!-- \/ Yoast SEO plugin. -->","yoast_head_json":{"title":"Astraland - Astral Tulum","description":"Ofrecemos un parque infantil donde pueden jugar con otros ni\u00f1os, o con los juegos que proporcionamos y dar a sus padres un poco de descanso.","robots":{"index":"index","follow":"follow","max-snippet":"max-snippet:-1","max-image-preview":"max-image-preview:large","max-video-preview":"max-video-preview:-1"},"canonical":"https:\/\/astraltulum.mx\/en\/astraland\/","og_locale":"en_US","og_type":"article","og_title":"Astraland - Astral Tulum","og_description":"Ofrecemos un parque infantil donde pueden jugar con otros ni\u00f1os, o con los juegos que proporcionamos y dar a sus padres un poco de descanso.","og_url":"https:\/\/astraltulum.mx\/en\/astraland\/","og_site_name":"Astral Tulum","article_publisher":"https:\/\/www.facebook.com\/astraltulum","article_modified_time":"2023-06-07T16:35:02+00:00","og_image":[{"width":1000,"height":1499,"url":"https:\/\/astraltulum.mx\/wp-content\/uploads\/2023\/04\/astraland-tulum-02.jpg","type":"image\/jpeg"}],"twitter_card":"summary_large_image","twitter_misc":{"Est. reading time":"1 minute"},"schema":{"@context":"https:\/\/schema.org","@graph":[{"@type":"WebPage","@id":"https:\/\/astraltulum.mx\/astraland\/","url":"https:\/\/astraltulum.mx\/astraland\/","name":"Astraland - Astral Tulum","isPartOf":{"@id":"https:\/\/astraltulum.mx\/#website"},"primaryImageOfPage":{"@id":"https:\/\/astraltulum.mx\/astraland\/#primaryimage"},"image":{"@id":"https:\/\/astraltulum.mx\/astraland\/#primaryimage"},"thumbnailUrl":"https:\/\/astraltulum.mx\/wp-content\/uploads\/2023\/04\/astraland-tulum-02.jpg","datePublished":"2023-04-26T14:16:31+00:00","dateModified":"2023-06-07T16:35:02+00:00","description":"Ofrecemos un parque infantil donde pueden jugar con otros ni\u00f1os, o con los juegos que proporcionamos y dar a sus padres un poco de descanso.","breadcrumb":{"@id":"https:\/\/astraltulum.mx\/astraland\/#breadcrumb"},"inLanguage":"en-US","potentialAction":[{"@type":"ReadAction","target":["https:\/\/astraltulum.mx\/astraland\/"]}]},{"@type":"ImageObject","inLanguage":"en-US","@id":"https:\/\/astraltulum.mx\/astraland\/#primaryimage","url":"https:\/\/astraltulum.mx\/wp-content\/uploads\/2023\/04\/astraland-tulum-02.jpg","contentUrl":"https:\/\/astraltulum.mx\/wp-content\/uploads\/2023\/04\/astraland-tulum-02.jpg","width":1000,"height":1499,"caption":"Astraland"},{"@type":"BreadcrumbList","@id":"https:\/\/astraltulum.mx\/astraland\/#breadcrumb","itemListElement":[{"@type":"ListItem","position":1,"name":"Inicio","item":"https:\/\/astraltulum.mx\/"},{"@type":"ListItem","position":2,"name":"Astraland"}]},{"@type":"WebSite","@id":"https:\/\/astraltulum.mx\/#website","url":"https:\/\/astraltulum.mx\/","name":"Astral Tulum","description":"Bubble Beach Hotel","potentialAction":[{"@type":"SearchAction","target":{"@type":"EntryPoint","urlTemplate":"https:\/\/astraltulum.mx\/?s={search_term_string}"},"query-input":{"@type":"PropertyValueSpecification","valueRequired":true,"valueName":"search_term_string"}}],"inLanguage":"en-US"}]}},"_links":{"self":[{"href":"https:\/\/astraltulum.mx\/en\/wp-json\/wp\/v2\/pages\/722","targetHints":{"allow":["GET"]}}],"collection":[{"href":"https:\/\/astraltulum.mx\/en\/wp-json\/wp\/v2\/pages"}],"about":[{"href":"https:\/\/astraltulum.mx\/en\/wp-json\/wp\/v2\/types\/page"}],"author":[{"embeddable":true,"href":"https:\/\/astraltulum.mx\/en\/wp-json\/wp\/v2\/users\/2"}],"replies":[{"embeddable":true,"href":"https:\/\/astraltulum.mx\/en\/wp-json\/wp\/v2\/comments?post=722"}],"version-history":[{"count":0,"href":"https:\/\/astraltulum.mx\/en\/wp-json\/wp\/v2\/pages\/722\/revisions"}],"wp:featuredmedia":[{"embeddable":true,"href":"https:\/\/astraltulum.mx\/en\/wp-json\/wp\/v2\/media\/726"}],"wp:attachment":[{"href":"https:\/\/astraltulum.mx\/en\/wp-json\/wp\/v2\/media?parent=722"}],"curies":[{"name":"wp","href":"https:\/\/api.w.org\/{rel}","templated":true}]}}